{"id":258,"date":"2022-10-28T18:22:58","date_gmt":"2022-10-28T16:22:58","guid":{"rendered":"https:\/\/parisconcarlo.com\/es\/?page_id=258"},"modified":"2024-04-15T17:20:23","modified_gmt":"2024-04-15T15:20:23","slug":"alojamiento-en-paris","status":"publish","type":"page","link":"https:\/\/parisconcarlo.com\/es\/alojamiento-en-paris\/","title":{"rendered":"Alojamiento en Par\u00eds"},"content":{"rendered":"\n<div class=\"wp-block-columns is-layout-flex wp-container-core-columns-is-layout-9d6595d7 wp-block-columns-is-layout-flex\">\n<div class=\"wp-block-column is-layout-flow wp-block-column-is-layout-flow\">\n<h2 class=\"wp-block-heading\">\u00bfD\u00f3nde alojarse en Par\u00eds?<\/h2>\n\n\n<div class=\"wp-block-image\">\n<figure class=\"aligncenter size-medium\"><img decoding=\"async\" width=\"300\" height=\"200\" src=\"https:\/\/parisconcarlo.com\/es\/wp-content\/uploads\/sites\/4\/2022\/12\/donde-alojarse-paris-300x200.webp\" alt=\"D\u00f3nde alojarse en Par\u00eds: los barrios mejores\" class=\"wp-image-418\" srcset=\"https:\/\/parisconcarlo.com\/es\/wp-content\/uploads\/sites\/4\/2022\/12\/donde-alojarse-paris-300x200.webp 300w, https:\/\/parisconcarlo.com\/es\/wp-content\/uploads\/sites\/4\/2022\/12\/donde-alojarse-paris-768x512.webp 768w, https:\/\/parisconcarlo.com\/es\/wp-content\/uploads\/sites\/4\/2022\/12\/donde-alojarse-paris.webp 900w\" sizes=\"(max-width: 300px) 100vw, 300px\" \/><figcaption class=\"wp-element-caption\">D\u00f3nde alojarse en Par\u00eds: los barrios mejores<\/figcaption><\/figure>\n<\/div>\n\n\n<p>\u00bfD\u00f3nde alojarse en Par\u00eds, en qu\u00e9 barrio es mejor quedarse? \u00bfHay \u00e1reas que es mejor evitar?<\/p>\n\n\n\n<p>La elecci\u00f3n no es f\u00e1cil, dado que la ciudad cuenta con algo as\u00ed como 1.500 hoteles, ofreciendo alrededor de 75.000 habitaciones.<\/p>\n\n\n\n<p>Seguramente el factor que influye en las elecciones de casi todas las personas <strong>es el presupuesto.<\/strong><\/p>\n\n\n<style>.wp-block-kadence-advancedbtn.kb-btns_b8ad0e-30{gap:var(--global-kb-gap-xs, 0.5rem );justify-content:center;align-items:center;}.kt-btns_b8ad0e-30 .kt-button{font-weight:normal;font-style:normal;}.kt-btns_b8ad0e-30 .kt-btn-wrap-0{margin-right:5px;}.wp-block-kadence-advancedbtn.kt-btns_b8ad0e-30 .kt-btn-wrap-0 .kt-button::before{display:none;}<\/style>\n<div class=\"wp-block-kadence-advancedbtn kt-btn-align-center kt-btn-tablet-align-inherit kt-btn-mobile-align-inherit kt-btns-wrap kt-btns_b8ad0e-30\"><div class=\"kt-btn-wrap kt-btn-wrap-0\"><a class=\"kt-button button kt-btn-0-action kt-btn-size-large kt-btn-style-basic kt-btn-svg-show-always kt-btn-has-text-true kt-btn-has-svg-false kb-btn-global-inherit wp-block-button__link\" href=\"https:\/\/parisconcarlo.com\/es\/donde-alojarse-en-paris\/\"><span class=\"kt-btn-inner-text\">D\u00f3nde alojarse en Par\u00eds<\/span><\/a><\/div><\/div>\n\n\n\n<div style=\"height:20px\" aria-hidden=\"true\" class=\"wp-block-spacer\"><\/div>\n<\/div>\n\n\n\n<div class=\"wp-block-column is-layout-flow wp-block-column-is-layout-flow\">\n<h2 class=\"wp-block-heading\">10 hoteles baratos en Par\u00eds<\/h2>\n\n\n<div class=\"wp-block-image\">\n<figure class=\"aligncenter size-medium\"><img decoding=\"async\" width=\"300\" height=\"200\" src=\"https:\/\/parisconcarlo.com\/es\/wp-content\/uploads\/sites\/4\/2022\/12\/10-hoteles-baratos-paris-300x200.webp\" alt=\"10 hoteles baratos en Par\u00eds\" class=\"wp-image-417\" srcset=\"https:\/\/parisconcarlo.com\/es\/wp-content\/uploads\/sites\/4\/2022\/12\/10-hoteles-baratos-paris-300x200.webp 300w, https:\/\/parisconcarlo.com\/es\/wp-content\/uploads\/sites\/4\/2022\/12\/10-hoteles-baratos-paris-768x512.webp 768w, https:\/\/parisconcarlo.com\/es\/wp-content\/uploads\/sites\/4\/2022\/12\/10-hoteles-baratos-paris.webp 900w\" sizes=\"(max-width: 300px) 100vw, 300px\" \/><figcaption class=\"wp-element-caption\">10 hoteles baratos en Par\u00eds<\/figcaption><\/figure>\n<\/div>\n\n\n<p>Aqu\u00ed tienes una selecci\u00f3n de 10<strong> hoteles baratos en Par\u00eds<\/strong> donde podr\u00e1s dormir durante tu estancia en la ciudad sin gastar una fortuna.<\/p>\n\n\n\n<p>Los hoteles que he seleccionado est\u00e1n todos <strong>ubicados en el centro de la ciudad<\/strong> y cerca de las estaciones del metro parisino, una de las mejores y m\u00e1s extensas redes de metro del mundo.<\/p>\n\n\n<style>.wp-block-kadence-advancedbtn.kb-btns_8d590d-3f{gap:var(--global-kb-gap-xs, 0.5rem );justify-content:center;align-items:center;}.kt-btns_8d590d-3f .kt-button{font-weight:normal;font-style:normal;}.kt-btns_8d590d-3f .kt-btn-wrap-0{margin-right:5px;}.wp-block-kadence-advancedbtn.kt-btns_8d590d-3f .kt-btn-wrap-0 .kt-button::before{display:none;}<\/style>\n<div class=\"wp-block-kadence-advancedbtn kt-btn-align-center kt-btn-tablet-align-inherit kt-btn-mobile-align-inherit kt-btns-wrap kt-btns_8d590d-3f\"><div class=\"kt-btn-wrap kt-btn-wrap-0\"><a class=\"kt-button button kt-btn-0-action kt-btn-size-large kt-btn-style-basic kt-btn-svg-show-always kt-btn-has-text-true kt-btn-has-svg-false kb-btn-global-inherit wp-block-button__link\" href=\"https:\/\/parisconcarlo.com\/es\/hoteles-baratos-en-paris\/\"><span class=\"kt-btn-inner-text\">10 hoteles baratos<\/span><\/a><\/div><\/div>\n\n\n\n<div style=\"height:20px\" aria-hidden=\"true\" class=\"wp-block-spacer\"><\/div>\n<\/div>\n<\/div>\n\n\n\n<div class=\"wp-block-columns is-layout-flex wp-container-core-columns-is-layout-9d6595d7 wp-block-columns-is-layout-flex\">\n<div class=\"wp-block-column is-layout-flow wp-block-column-is-layout-flow\">\n<h2 class=\"wp-block-heading\">10 hoteles cerca de la Torre Eiffel<\/h2>\n\n\n<div class=\"wp-block-image\">\n<figure class=\"aligncenter size-medium\"><img decoding=\"async\" width=\"300\" height=\"225\" src=\"https:\/\/parisconcarlo.com\/es\/wp-content\/uploads\/sites\/4\/2022\/12\/hoteles-cerca-torre-eiffel-300x225.webp\" alt=\"10 hoteles cerca de la Torre Eiffel\" class=\"wp-image-416\" srcset=\"https:\/\/parisconcarlo.com\/es\/wp-content\/uploads\/sites\/4\/2022\/12\/hoteles-cerca-torre-eiffel-300x225.webp 300w, https:\/\/parisconcarlo.com\/es\/wp-content\/uploads\/sites\/4\/2022\/12\/hoteles-cerca-torre-eiffel.webp 750w\" sizes=\"(max-width: 300px) 100vw, 300px\" \/><figcaption class=\"wp-element-caption\">10 hoteles cerca de la Torre Eiffel<\/figcaption><\/figure>\n<\/div>\n\n\n<p>\u00bfQui\u00e9n no quiere tener un <strong>hotel cerca de la Torre Eiffel y quiz\u00e1s con vistas a la Torre<\/strong>?<\/p>\n\n\n\n<p>En esta gu\u00eda te recomiendo 13 hoteles donde <strong>gastar poco<\/strong> y que est\u00e1n ubicados cerca de una de las atracciones m\u00e1s importantes y m\u00e1s bella de Par\u00eds. <\/p>\n\n\n<style>.wp-block-kadence-advancedbtn.kb-btns_85f23a-12{gap:var(--global-kb-gap-xs, 0.5rem );justify-content:center;align-items:center;}.kt-btns_85f23a-12 .kt-button{font-weight:normal;font-style:normal;}.kt-btns_85f23a-12 .kt-btn-wrap-0{margin-right:5px;}.wp-block-kadence-advancedbtn.kt-btns_85f23a-12 .kt-btn-wrap-0 .kt-button::before{display:none;}<\/style>\n<div class=\"wp-block-kadence-advancedbtn kt-btn-align-center kt-btn-tablet-align-inherit kt-btn-mobile-align-inherit kt-btns-wrap kt-btns_85f23a-12\"><div class=\"kt-btn-wrap kt-btn-wrap-0\"><a class=\"kt-button button kt-btn-0-action kt-btn-size-standard kt-btn-style-basic kt-btn-svg-show-always kt-btn-has-text-true kt-btn-has-svg-false kb-btn-global-inherit wp-block-button__link\" href=\"https:\/\/parisconcarlo.com\/es\/hoteles-cerca-de-la-torre-eiffel\/\"><span class=\"kt-btn-inner-text\">Hoteles cerca de la Torre Eiffel<\/span><\/a><\/div><\/div>\n<\/div>\n\n\n\n<div class=\"wp-block-column is-layout-flow wp-block-column-is-layout-flow\">\n<h2 class=\"wp-block-heading\">Alojarse en Disneyland Par\u00eds<\/h2>\n\n\n<\/div>\n<\/div>\n","protected":false},"excerpt":{"rendered":"<p>\u00bfD\u00f3nde alojarse en Par\u00eds? \u00bfD\u00f3nde alojarse en Par\u00eds, en qu\u00e9 barrio es mejor quedarse? \u00bfHay \u00e1reas que es mejor evitar? La elecci\u00f3n no es f\u00e1cil, dado que la ciudad cuenta con algo as\u00ed como 1.500 hoteles, ofreciendo alrededor de 75.000 habitaciones. Seguramente el factor que influye en las elecciones de casi todas las personas es&#8230;<\/p>\n","protected":false},"author":4,"featured_media":0,"parent":0,"menu_order":0,"comment_status":"open","ping_status":"closed","template":"","meta":{"_kad_blocks_custom_css":"","_kad_blocks_head_custom_js":"","_kad_blocks_body_custom_js":"","_kad_blocks_footer_custom_js":"","_kad_post_transparent":"","_kad_post_title":"","_kad_post_layout":"","_kad_post_sidebar_id":"","_kad_post_content_style":"","_kad_post_vertical_padding":"","_kad_post_feature":"","_kad_post_feature_position":"","_kad_post_header":false,"_kad_post_footer":false,"_kad_post_classname":"","footnotes":""},"class_list":["post-258","page","type-page","status-publish","hentry"],"yoast_head":"<!-- This site is optimized with the Yoast SEO plugin v27.1.1 - https:\/\/yoast.com\/product\/yoast-seo-wordpress\/ -->\n<title>Alojamiento en Par\u00eds: d\u00f3nde dormir, 10 hoteles baratos y hoteles cerca de la Torre<\/title>\n<meta name=\"robots\" content=\"index, follow, max-snippet:-1, max-image-preview:large, max-video-preview:-1\" \/>\n<link rel=\"canonical\" href=\"https:\/\/parisconcarlo.com\/es\/alojamiento-en-paris\/\" \/>\n<meta property=\"og:locale\" content=\"es_ES\" \/>\n<meta property=\"og:type\" content=\"article\" \/>\n<meta property=\"og:title\" content=\"Alojamiento en Par\u00eds: d\u00f3nde dormir, 10 hoteles baratos y hoteles cerca de la Torre\" \/>\n<meta property=\"og:description\" content=\"\u00bfD\u00f3nde alojarse en Par\u00eds? \u00bfD\u00f3nde alojarse en Par\u00eds, en qu\u00e9 barrio es mejor quedarse? \u00bfHay \u00e1reas que es mejor evitar? La elecci\u00f3n no es f\u00e1cil, dado que la ciudad cuenta con algo as\u00ed como 1.500 hoteles, ofreciendo alrededor de 75.000 habitaciones. Seguramente el factor que influye en las elecciones de casi todas las personas es...\" \/>\n<meta property=\"og:url\" content=\"https:\/\/parisconcarlo.com\/es\/alojamiento-en-paris\/\" \/>\n<meta property=\"og:site_name\" content=\"Paris con Carlo\" \/>\n<meta property=\"article:modified_time\" content=\"2024-04-15T15:20:23+00:00\" \/>\n<meta property=\"og:image\" content=\"https:\/\/parisconcarlo.com\/es\/wp-content\/uploads\/sites\/4\/2022\/10\/logo-viajes-a-paris.jpeg\" \/>\n\t<meta property=\"og:image:width\" content=\"623\" \/>\n\t<meta property=\"og:image:height\" content=\"188\" \/>\n\t<meta property=\"og:image:type\" content=\"image\/jpeg\" \/>\n<meta name=\"twitter:card\" content=\"summary_large_image\" \/>\n<meta name=\"twitter:image\" content=\"https:\/\/parisconcarlo.com\/es\/wp-content\/uploads\/sites\/4\/2022\/10\/logo-viajes-a-paris.jpeg\" \/>\n<meta name=\"twitter:label1\" content=\"Tiempo de lectura\" \/>\n\t<meta name=\"twitter:data1\" content=\"6 minutos\" \/>\n<script type=\"application\/ld+json\" class=\"yoast-schema-graph\">{\"@context\":\"https:\/\/schema.org\",\"@graph\":[{\"@type\":\"WebPage\",\"@id\":\"https:\/\/parisconcarlo.com\/es\/alojamiento-en-paris\/\",\"url\":\"https:\/\/parisconcarlo.com\/es\/alojamiento-en-paris\/\",\"name\":\"Alojamiento en Par\u00eds: d\u00f3nde dormir, 10 hoteles baratos y hoteles cerca de la Torre\",\"isPartOf\":{\"@id\":\"https:\/\/parisconcarlo.com\/es\/#website\"},\"primaryImageOfPage\":{\"@id\":\"https:\/\/parisconcarlo.com\/es\/alojamiento-en-paris\/#primaryimage\"},\"image\":{\"@id\":\"https:\/\/parisconcarlo.com\/es\/alojamiento-en-paris\/#primaryimage\"},\"thumbnailUrl\":\"https:\/\/parisconcarlo.com\/es\/wp-content\/uploads\/sites\/4\/2022\/12\/donde-alojarse-paris-300x200.webp\",\"datePublished\":\"2022-10-28T16:22:58+00:00\",\"dateModified\":\"2024-04-15T15:20:23+00:00\",\"breadcrumb\":{\"@id\":\"https:\/\/parisconcarlo.com\/es\/alojamiento-en-paris\/#breadcrumb\"},\"inLanguage\":\"es\",\"potentialAction\":[{\"@type\":\"ReadAction\",\"target\":[\"https:\/\/parisconcarlo.com\/es\/alojamiento-en-paris\/\"]}]},{\"@type\":\"ImageObject\",\"inLanguage\":\"es\",\"@id\":\"https:\/\/parisconcarlo.com\/es\/alojamiento-en-paris\/#primaryimage\",\"url\":\"https:\/\/parisconcarlo.com\/es\/wp-content\/uploads\/sites\/4\/2022\/12\/donde-alojarse-paris-300x200.webp\",\"contentUrl\":\"https:\/\/parisconcarlo.com\/es\/wp-content\/uploads\/sites\/4\/2022\/12\/donde-alojarse-paris-300x200.webp\"},{\"@type\":\"BreadcrumbList\",\"@id\":\"https:\/\/parisconcarlo.com\/es\/alojamiento-en-paris\/#breadcrumb\",\"itemListElement\":[{\"@type\":\"ListItem\",\"position\":1,\"name\":\"Home\",\"item\":\"https:\/\/parisconcarlo.com\/es\/\"},{\"@type\":\"ListItem\",\"position\":2,\"name\":\"Alojamiento en Par\u00eds\"}]},{\"@type\":\"WebSite\",\"@id\":\"https:\/\/parisconcarlo.com\/es\/#website\",\"url\":\"https:\/\/parisconcarlo.com\/es\/\",\"name\":\"Paris con Carlo\",\"description\":\"\",\"publisher\":{\"@id\":\"https:\/\/parisconcarlo.com\/es\/#organization\"},\"potentialAction\":[{\"@type\":\"SearchAction\",\"target\":{\"@type\":\"EntryPoint\",\"urlTemplate\":\"https:\/\/parisconcarlo.com\/es\/?s={search_term_string}\"},\"query-input\":{\"@type\":\"PropertyValueSpecification\",\"valueRequired\":true,\"valueName\":\"search_term_string\"}}],\"inLanguage\":\"es\"},{\"@type\":\"Organization\",\"@id\":\"https:\/\/parisconcarlo.com\/es\/#organization\",\"name\":\"Paris con Carlo\",\"url\":\"https:\/\/parisconcarlo.com\/es\/\",\"logo\":{\"@type\":\"ImageObject\",\"inLanguage\":\"es\",\"@id\":\"https:\/\/parisconcarlo.com\/es\/#\/schema\/logo\/image\/\",\"url\":\"https:\/\/parisconcarlo.com\/es\/wp-content\/uploads\/sites\/4\/2024\/03\/logo-parisconcarlo-horizontal-live-3.jpg\",\"contentUrl\":\"https:\/\/parisconcarlo.com\/es\/wp-content\/uploads\/sites\/4\/2024\/03\/logo-parisconcarlo-horizontal-live-3.jpg\",\"width\":700,\"height\":214,\"caption\":\"Paris con Carlo\"},\"image\":{\"@id\":\"https:\/\/parisconcarlo.com\/es\/#\/schema\/logo\/image\/\"}}]}<\/script>\n<!-- \/ Yoast SEO plugin. -->","yoast_head_json":{"title":"Alojamiento en Par\u00eds: d\u00f3nde dormir, 10 hoteles baratos y hoteles cerca de la Torre","robots":{"index":"index","follow":"follow","max-snippet":"max-snippet:-1","max-image-preview":"max-image-preview:large","max-video-preview":"max-video-preview:-1"},"canonical":"https:\/\/parisconcarlo.com\/es\/alojamiento-en-paris\/","og_locale":"es_ES","og_type":"article","og_title":"Alojamiento en Par\u00eds: d\u00f3nde dormir, 10 hoteles baratos y hoteles cerca de la Torre","og_description":"\u00bfD\u00f3nde alojarse en Par\u00eds? \u00bfD\u00f3nde alojarse en Par\u00eds, en qu\u00e9 barrio es mejor quedarse? \u00bfHay \u00e1reas que es mejor evitar? La elecci\u00f3n no es f\u00e1cil, dado que la ciudad cuenta con algo as\u00ed como 1.500 hoteles, ofreciendo alrededor de 75.000 habitaciones. Seguramente el factor que influye en las elecciones de casi todas las personas es...","og_url":"https:\/\/parisconcarlo.com\/es\/alojamiento-en-paris\/","og_site_name":"Paris con Carlo","article_modified_time":"2024-04-15T15:20:23+00:00","og_image":[{"width":623,"height":188,"url":"https:\/\/parisconcarlo.com\/es\/wp-content\/uploads\/sites\/4\/2022\/10\/logo-viajes-a-paris.jpeg","type":"image\/jpeg"}],"twitter_card":"summary_large_image","twitter_image":"https:\/\/parisconcarlo.com\/es\/wp-content\/uploads\/sites\/4\/2022\/10\/logo-viajes-a-paris.jpeg","twitter_misc":{"Tiempo de lectura":"6 minutos"},"schema":{"@context":"https:\/\/schema.org","@graph":[{"@type":"WebPage","@id":"https:\/\/parisconcarlo.com\/es\/alojamiento-en-paris\/","url":"https:\/\/parisconcarlo.com\/es\/alojamiento-en-paris\/","name":"Alojamiento en Par\u00eds: d\u00f3nde dormir, 10 hoteles baratos y hoteles cerca de la Torre","isPartOf":{"@id":"https:\/\/parisconcarlo.com\/es\/#website"},"primaryImageOfPage":{"@id":"https:\/\/parisconcarlo.com\/es\/alojamiento-en-paris\/#primaryimage"},"image":{"@id":"https:\/\/parisconcarlo.com\/es\/alojamiento-en-paris\/#primaryimage"},"thumbnailUrl":"https:\/\/parisconcarlo.com\/es\/wp-content\/uploads\/sites\/4\/2022\/12\/donde-alojarse-paris-300x200.webp","datePublished":"2022-10-28T16:22:58+00:00","dateModified":"2024-04-15T15:20:23+00:00","breadcrumb":{"@id":"https:\/\/parisconcarlo.com\/es\/alojamiento-en-paris\/#breadcrumb"},"inLanguage":"es","potentialAction":[{"@type":"ReadAction","target":["https:\/\/parisconcarlo.com\/es\/alojamiento-en-paris\/"]}]},{"@type":"ImageObject","inLanguage":"es","@id":"https:\/\/parisconcarlo.com\/es\/alojamiento-en-paris\/#primaryimage","url":"https:\/\/parisconcarlo.com\/es\/wp-content\/uploads\/sites\/4\/2022\/12\/donde-alojarse-paris-300x200.webp","contentUrl":"https:\/\/parisconcarlo.com\/es\/wp-content\/uploads\/sites\/4\/2022\/12\/donde-alojarse-paris-300x200.webp"},{"@type":"BreadcrumbList","@id":"https:\/\/parisconcarlo.com\/es\/alojamiento-en-paris\/#breadcrumb","itemListElement":[{"@type":"ListItem","position":1,"name":"Home","item":"https:\/\/parisconcarlo.com\/es\/"},{"@type":"ListItem","position":2,"name":"Alojamiento en Par\u00eds"}]},{"@type":"WebSite","@id":"https:\/\/parisconcarlo.com\/es\/#website","url":"https:\/\/parisconcarlo.com\/es\/","name":"Paris con Carlo","description":"","publisher":{"@id":"https:\/\/parisconcarlo.com\/es\/#organization"},"potentialAction":[{"@type":"SearchAction","target":{"@type":"EntryPoint","urlTemplate":"https:\/\/parisconcarlo.com\/es\/?s={search_term_string}"},"query-input":{"@type":"PropertyValueSpecification","valueRequired":true,"valueName":"search_term_string"}}],"inLanguage":"es"},{"@type":"Organization","@id":"https:\/\/parisconcarlo.com\/es\/#organization","name":"Paris con Carlo","url":"https:\/\/parisconcarlo.com\/es\/","logo":{"@type":"ImageObject","inLanguage":"es","@id":"https:\/\/parisconcarlo.com\/es\/#\/schema\/logo\/image\/","url":"https:\/\/parisconcarlo.com\/es\/wp-content\/uploads\/sites\/4\/2024\/03\/logo-parisconcarlo-horizontal-live-3.jpg","contentUrl":"https:\/\/parisconcarlo.com\/es\/wp-content\/uploads\/sites\/4\/2024\/03\/logo-parisconcarlo-horizontal-live-3.jpg","width":700,"height":214,"caption":"Paris con Carlo"},"image":{"@id":"https:\/\/parisconcarlo.com\/es\/#\/schema\/logo\/image\/"}}]}},"taxonomy_info":[],"featured_image_src_large":false,"author_info":{"display_name":"Carlo Galici","author_link":"https:\/\/parisconcarlo.com\/es\/author\/carlogalici\/"},"comment_info":"","_links":{"self":[{"href":"https:\/\/parisconcarlo.com\/es\/wp-json\/wp\/v2\/pages\/258","targetHints":{"allow":["GET"]}}],"collection":[{"href":"https:\/\/parisconcarlo.com\/es\/wp-json\/wp\/v2\/pages"}],"about":[{"href":"https:\/\/parisconcarlo.com\/es\/wp-json\/wp\/v2\/types\/page"}],"author":[{"embeddable":true,"href":"https:\/\/parisconcarlo.com\/es\/wp-json\/wp\/v2\/users\/4"}],"replies":[{"embeddable":true,"href":"https:\/\/parisconcarlo.com\/es\/wp-json\/wp\/v2\/comments?post=258"}],"version-history":[{"count":0,"href":"https:\/\/parisconcarlo.com\/es\/wp-json\/wp\/v2\/pages\/258\/revisions"}],"wp:attachment":[{"href":"https:\/\/parisconcarlo.com\/es\/wp-json\/wp\/v2\/media?parent=258"}],"curies":[{"name":"wp","href":"https:\/\/api.w.org\/{rel}","templated":true}]}}