{"id":25,"date":"2022-10-27T11:26:10","date_gmt":"2022-10-27T09:26:10","guid":{"rendered":"https:\/\/parisconcarlo.com\/es\/?page_id=25"},"modified":"2024-06-24T12:17:18","modified_gmt":"2024-06-24T10:17:18","slug":"aeropuertos-de-paris","status":"publish","type":"page","link":"https:\/\/parisconcarlo.com\/es\/aeropuertos-de-paris\/","title":{"rendered":"Aeropuertos de Par\u00eds: conexi\u00f3n con el centro de la ciudad"},"content":{"rendered":"\n<p><strong>Los aeropuertos de Par\u00eds son tres:<\/strong> <strong>Roissy-Charles De Gaulle (CDG)<\/strong>, <strong>Orly<\/strong>, a los que se ha sumado el <strong>aeropuerto de Beauvais<\/strong> que, aun estando a 90 km de la capital francesa, gracias a las compa\u00f1\u00edas a\u00e9reas de bajo coste (Ryanair sobre todo), se considera el tercero aeropuerto de Par\u00eds.<\/p>\n\n\n<style>.kb-table-of-content-nav.kb-table-of-content-id_2f54b1-3c .kb-table-of-content-wrap{padding-top:var(--global-kb-spacing-sm, 1.5rem);padding-right:var(--global-kb-spacing-sm, 1.5rem);padding-bottom:var(--global-kb-spacing-sm, 1.5rem);padding-left:var(--global-kb-spacing-sm, 1.5rem);background-color:#f2d115;}.kb-table-of-content-nav.kb-table-of-content-id_2f54b1-3c .kb-table-of-contents-title-wrap{padding-top:0px;padding-right:0px;padding-bottom:0px;padding-left:0px;}.kb-table-of-content-nav.kb-table-of-content-id_2f54b1-3c .kb-table-of-contents-title{font-weight:regular;font-style:normal;}.kb-table-of-content-nav.kb-table-of-content-id_2f54b1-3c .kb-table-of-content-wrap .kb-table-of-content-list{font-weight:regular;font-style:normal;margin-top:var(--global-kb-spacing-sm, 1.5rem);margin-right:0px;margin-bottom:0px;margin-left:0px;}.kb-table-of-content-nav.kb-table-of-content-id_2f54b1-3c .kb-toggle-icon-style-basiccircle .kb-table-of-contents-icon-trigger:after, .kb-table-of-content-nav.kb-table-of-content-id_2f54b1-3c .kb-toggle-icon-style-basiccircle .kb-table-of-contents-icon-trigger:before, .kb-table-of-content-nav.kb-table-of-content-id_2f54b1-3c .kb-toggle-icon-style-arrowcircle .kb-table-of-contents-icon-trigger:after, .kb-table-of-content-nav.kb-table-of-content-id_2f54b1-3c .kb-toggle-icon-style-arrowcircle .kb-table-of-contents-icon-trigger:before, .kb-table-of-content-nav.kb-table-of-content-id_2f54b1-3c .kb-toggle-icon-style-xclosecircle .kb-table-of-contents-icon-trigger:after, .kb-table-of-content-nav.kb-table-of-content-id_2f54b1-3c .kb-toggle-icon-style-xclosecircle .kb-table-of-contents-icon-trigger:before{background-color:#f2d115;}<\/style>\n\n\n<h2 class=\"wp-block-heading\">Aeropuerto de Par\u00eds CDG (Charles de Gaulle)<\/h2>\n\n\n<div class=\"wp-block-image\">\n<figure class=\"aligncenter size-full\"><img decoding=\"async\" width=\"900\" height=\"617\" src=\"https:\/\/parisconcarlo.com\/es\/wp-content\/uploads\/sites\/4\/2022\/10\/aeropuerto-paris-cdg.webp\" alt=\"Aeropuerto Par\u00eds CDG\" class=\"wp-image-315\" srcset=\"https:\/\/parisconcarlo.com\/es\/wp-content\/uploads\/sites\/4\/2022\/10\/aeropuerto-paris-cdg.webp 900w, https:\/\/parisconcarlo.com\/es\/wp-content\/uploads\/sites\/4\/2022\/10\/aeropuerto-paris-cdg-300x206.webp 300w, https:\/\/parisconcarlo.com\/es\/wp-content\/uploads\/sites\/4\/2022\/10\/aeropuerto-paris-cdg-768x527.webp 768w\" sizes=\"(max-width: 900px) 100vw, 900px\" \/><figcaption class=\"wp-element-caption\">Aeropuerto Par\u00eds CDG<\/figcaption><\/figure>\n<\/div>\n\n\n<p>Es el <strong>principal aeropuerto de Par\u00eds<\/strong> y uno de los m\u00e1s transitados del mundo. Aterrizar\u00e1s en este aeropuerto si est\u00e1s en un vuelo regular. De hecho, Air France y Iberia lo utilizan principalmente para vuelos desde Espa\u00f1a y tambi\u00e9n la mayor\u00eda de los vuelos intercontinentales aterrizan en este aeropuerto.<\/p>\n\n\n\n<p><strong>Las conexiones con el centro de la ciudad son excelentes<\/strong>: de hecho, en el aeropuerto se encuentra la <strong>estaci\u00f3n donde para el tren RER B<\/strong> (los trenes regionales del \u00e1rea de Par\u00eds), que lo conecta con algunas de las estaciones de metro m\u00e1s importantes de la ciudad: <strong>Gare du Nord<\/strong> por donde pasan las l\u00edneas de metro 2, 4 y 5 y otras dos l\u00edneas de tren RER; la estaci\u00f3n inmediatamente siguiente es <strong>Chatelet-Les Halles<\/strong> (que se encuentra en el centro) por donde pasan las l\u00edneas 1, 4, 7, 11 y 14, que permiten llegar a cualquier punto de la ciudad y tambi\u00e9n <strong>cambiar al RER A<\/strong> si tu destino final es el parque Disneyland Paris.<\/p>\n\n\n\n<p>Adem\u00e1s, la terminal 2 del aeropuerto est\u00e1 conectada directamente con la red de trenes TGV.<\/p>\n\n\n\n<p>Si prefieres el autob\u00fas, una excelente soluci\u00f3n es el <strong>autob\u00fas Roissy<\/strong> que te llevar\u00e1 hasta la zona de la \u00d3pera.<\/p>\n\n\n\n<p><a class=\"enlace-amigo\" href=\"https:\/\/parisconcarlo.com\/es\/aeropuerto-de-paris-charles-de-gaulle-cdg\/\"><span class=\"cell\">Aeropuerto CDG <\/span><span class=\"cell\"><span class=\"button\">Leer mas<\/span><\/span><\/a><\/p>\n\n\n\n<h2 class=\"wp-block-heading\">Aeropuerto de Par\u00eds Orly<\/h2>\n\n\n<div class=\"wp-block-image\">\n<figure class=\"aligncenter size-full\"><img decoding=\"async\" width=\"900\" height=\"600\" src=\"https:\/\/parisconcarlo.com\/es\/wp-content\/uploads\/sites\/4\/2022\/12\/aeropuerto-orly-terminal.jpg\" alt=\"La Terminal 4 del aeropuerto de Paris Orly\" class=\"wp-image-400\" srcset=\"https:\/\/parisconcarlo.com\/es\/wp-content\/uploads\/sites\/4\/2022\/12\/aeropuerto-orly-terminal.jpg 900w, https:\/\/parisconcarlo.com\/es\/wp-content\/uploads\/sites\/4\/2022\/12\/aeropuerto-orly-terminal-300x200.jpg 300w, https:\/\/parisconcarlo.com\/es\/wp-content\/uploads\/sites\/4\/2022\/12\/aeropuerto-orly-terminal-768x512.jpg 768w\" sizes=\"(max-width: 900px) 100vw, 900px\" \/><figcaption class=\"wp-element-caption\">La Terminal 4 del aeropuerto de Paris Orly<\/figcaption><\/figure>\n<\/div>\n\n\n<p>Es el <strong>aeropuerto de la ciudad por excelencia<\/strong>. Las conexiones de transporte p\u00fablico con la ciudad tambi\u00e9n son excelentes desde Orly.<\/p>\n\n\n\n<p>El 24 de junio de 2024 se inaugur\u00f3 la estaci\u00f3n de metro directamente en el aeropuerto de Orly. Aqu\u00ed podr\u00e1s <strong>coger la l\u00ednea 14 del metro<\/strong>, que en 25 minutos te dejar\u00e1 en el centro de Par\u00eds en la estaci\u00f3n Chatelet-Les Halles.<\/p>\n\n\n\n<p>Otras posibilidades son el tren Orlyval que te lleva a la estaci\u00f3n Antony. Desde aqu\u00ed sale el <strong>tren RER B<\/strong>.<\/p>\n\n\n\n<p>El aeropuerto de Orly tambi\u00e9n est\u00e1 conectado con la estaci\u00f3n de tren Pont de Rungis por donde pasa el RER C.<\/p>\n\n\n\n<p>Tambi\u00e9n para el aeropuerto de Orly hay una excelente conexi\u00f3n de <strong>autob\u00fas con el Orlybus<\/strong> que te llevar\u00e1 al distrito de Montparnasse en el sur de la ciudad.<\/p>\n\n\n\n<p><a class=\"enlace-amigo\" href=\"https:\/\/parisconcarlo.com\/es\/aeropuerto-orly-paris\/\"><span class=\"cell\">Aeropuerto Orly<\/span><span class=\"cell\"><span class=\"button\">Leer mas<\/span><\/span><\/a><\/p>\n\n\n\n<h2 class=\"wp-block-heading\">Aeropuerto de Beauvais &#8211; Till\u00e9<\/h2>\n\n\n\n<p>Como se escribi\u00f3 anteriormente, ciertamente no puede considerarse un aeropuerto urbano, ya que <strong>se encuentra a unos 100 km de Par\u00eds<\/strong>, pero gracias al bajo costo de Ryanair, en primer lugar, es ampliamente utilizado por los viajeros.<\/p>\n\n\n\n<p>Las posibilidades de conexi\u00f3n con Par\u00eds son obviamente mucho m\u00e1s limitadas. La <strong>soluci\u00f3n m\u00e1s sencilla es tomar el autob\u00fas<\/strong> que sale coincidiendo con la llegada de los aviones.<\/p>\n\n\n\n<p>El autob\u00fas <strong>conecta Beauvais con <a href=\"https:\/\/parisconcarlo.com\/es\/porte-maillot\/\" data-type=\"page\" data-id=\"91\">Porte Maillot<\/a> en Par\u00eds<\/strong>. Aqu\u00ed se encuentra la estaci\u00f3n de metro del mismo nombre por donde pasa la l\u00ednea 1, que conecta los principales puntos tur\u00edsticos de Par\u00eds.<\/p>\n\n\n\n<p><a class=\"enlace-amigo\" href=\"https:\/\/parisconcarlo.com\/es\/aeropuerto-beauvais-tille\/\"><span class=\"cell\">Aeropuerto Beauvais<\/span><span class=\"cell\"><span class=\"button\">Leer mas<\/span><\/span><\/a><\/p>\n\n\n\n<h2 class=\"wp-block-heading\">Comparaci\u00f3n de los aeropuertos de Par\u00eds<\/h2>\n\n\n\n<figure class=\"wp-block-table\"><table><tbody><tr><th>&nbsp;<\/th><th>Aeropuerto Orly<\/th><th>Aeropuerto CDG<\/th><th>Aeropuerto Beauvais<\/th><\/tr><tr><td><strong>Distancia de Par\u00eds<\/strong> (Museo Louvre)<\/td><td>16 km<\/td><td>29 km<\/td><td>100 km<\/td><\/tr><tr><td><strong>Conexiones<\/strong><\/td><td>RER, bus, tranv\u00eda, lanzadera compartida, taxi<\/td><td>RER, bus, lanzadera compartida, taxi<\/td><td>Bus, lanzadera compartida, taxi<\/td><\/tr><tr><td><strong>N\u00b0 terminales<\/strong><\/td><td>4 (1, 2, 3 connessi)<\/td><td>3<\/td><td>1<\/td><\/tr><\/tbody><\/table><\/figure>\n\n\n\n<p><\/p>\n\n\n\n<h2 class=\"wp-block-heading\">Reserva tu traslado a Par\u00eds y Disneyland<\/h2>\n\n\n\n<div data-gyg-href=\"https:\/\/widget.getyourguide.com\/default\/activities.frame\" data-gyg-locale-code=\"es-ES\" data-gyg-widget=\"activities\" data-gyg-number-of-items=\"4\" data-gyg-cmp=\"vypm3-pagapt\" data-gyg-partner-id=\"EXCD7A5\" data-gyg-tour-ids=\"60125,126713,370091,155868\"><\/div>\n\n\n\n<div style=\"height:20px\" aria-hidden=\"true\" class=\"wp-block-spacer\"><\/div>\n","protected":false},"excerpt":{"rendered":"<p>Los aeropuertos de Par\u00eds son tres: Roissy-Charles De Gaulle (CDG), Orly, a los que se ha sumado el aeropuerto de Beauvais que, aun estando a 90 km de la capital francesa, gracias a las compa\u00f1\u00edas a\u00e9reas de bajo coste (Ryanair sobre todo), se considera el tercero aeropuerto de Par\u00eds. Aeropuerto de Par\u00eds CDG (Charles de&#8230;<\/p>\n","protected":false},"author":4,"featured_media":305,"parent":0,"menu_order":0,"comment_status":"open","ping_status":"closed","template":"","meta":{"_kad_blocks_custom_css":"","_kad_blocks_head_custom_js":"","_kad_blocks_body_custom_js":"","_kad_blocks_footer_custom_js":"","_kad_post_transparent":"","_kad_post_title":"","_kad_post_layout":"","_kad_post_sidebar_id":"","_kad_post_content_style":"","_kad_post_vertical_padding":"","_kad_post_feature":"","_kad_post_feature_position":"","_kad_post_header":false,"_kad_post_footer":false,"_kad_post_classname":"","footnotes":""},"class_list":["post-25","page","type-page","status-publish","has-post-thumbnail","hentry"],"yoast_head":"<!-- This site is optimized with the Yoast SEO plugin v27.1.1 - https:\/\/yoast.com\/product\/yoast-seo-wordpress\/ -->\n<title>Aeropuertos de Par\u00eds: conexiones con el centro de la ciudad.<\/title>\n<meta name=\"description\" content=\"Los aeropuertos de Par\u00eds son tres: CDG, Orly y Beauvais. Descubre la conexiones con el centro de Par\u00eds, el precio y cu\u00e1l es el m\u00e1s conveniente de usar.\" \/>\n<meta name=\"robots\" content=\"index, follow, max-snippet:-1, max-image-preview:large, max-video-preview:-1\" \/>\n<link rel=\"canonical\" href=\"https:\/\/parisconcarlo.com\/es\/aeropuertos-de-paris\/\" \/>\n<meta property=\"og:locale\" content=\"es_ES\" \/>\n<meta property=\"og:type\" content=\"article\" \/>\n<meta property=\"og:title\" content=\"Aeropuertos de Par\u00eds: conexi\u00f3n con el centro de la ciudad - Paris con Carlo\" \/>\n<meta property=\"og:description\" content=\"Los aeropuertos de Par\u00eds son tres: CDG, Orly y Beauvais. Descubre la conexiones con el centro de Par\u00eds, el precio y cu\u00e1l es el m\u00e1s conveniente de usar.\" \/>\n<meta property=\"og:url\" content=\"https:\/\/parisconcarlo.com\/es\/aeropuertos-de-paris\/\" \/>\n<meta property=\"og:site_name\" content=\"Paris con Carlo\" \/>\n<meta property=\"article:modified_time\" content=\"2024-06-24T10:17:18+00:00\" \/>\n<meta property=\"og:image\" content=\"https:\/\/parisconcarlo.com\/es\/wp-content\/uploads\/sites\/4\/2022\/10\/logo-viajes-a-paris.jpeg\" \/>\n\t<meta property=\"og:image:width\" content=\"623\" \/>\n\t<meta property=\"og:image:height\" content=\"188\" \/>\n\t<meta property=\"og:image:type\" content=\"image\/jpeg\" \/>\n<meta name=\"twitter:card\" content=\"summary_large_image\" \/>\n<meta name=\"twitter:image\" content=\"https:\/\/parisconcarlo.com\/es\/wp-content\/uploads\/sites\/4\/2022\/10\/logo-viajes-a-paris.jpeg\" \/>\n<meta name=\"twitter:label1\" content=\"Tiempo de lectura\" \/>\n\t<meta name=\"twitter:data1\" content=\"4 minutos\" \/>\n<script type=\"application\/ld+json\" class=\"yoast-schema-graph\">{\"@context\":\"https:\/\/schema.org\",\"@graph\":[{\"@type\":\"WebPage\",\"@id\":\"https:\/\/parisconcarlo.com\/es\/aeropuertos-de-paris\/\",\"url\":\"https:\/\/parisconcarlo.com\/es\/aeropuertos-de-paris\/\",\"name\":\"Aeropuertos de Par\u00eds: conexiones con el centro de la ciudad.\",\"isPartOf\":{\"@id\":\"https:\/\/parisconcarlo.com\/es\/#website\"},\"primaryImageOfPage\":{\"@id\":\"https:\/\/parisconcarlo.com\/es\/aeropuertos-de-paris\/#primaryimage\"},\"image\":{\"@id\":\"https:\/\/parisconcarlo.com\/es\/aeropuertos-de-paris\/#primaryimage\"},\"thumbnailUrl\":\"https:\/\/parisconcarlo.com\/es\/wp-content\/uploads\/sites\/4\/2022\/10\/aeropuertos-paris.webp\",\"datePublished\":\"2022-10-27T09:26:10+00:00\",\"dateModified\":\"2024-06-24T10:17:18+00:00\",\"description\":\"Los aeropuertos de Par\u00eds son tres: CDG, Orly y Beauvais. Descubre la conexiones con el centro de Par\u00eds, el precio y cu\u00e1l es el m\u00e1s conveniente de usar.\",\"breadcrumb\":{\"@id\":\"https:\/\/parisconcarlo.com\/es\/aeropuertos-de-paris\/#breadcrumb\"},\"inLanguage\":\"es\",\"potentialAction\":[{\"@type\":\"ReadAction\",\"target\":[\"https:\/\/parisconcarlo.com\/es\/aeropuertos-de-paris\/\"]}]},{\"@type\":\"ImageObject\",\"inLanguage\":\"es\",\"@id\":\"https:\/\/parisconcarlo.com\/es\/aeropuertos-de-paris\/#primaryimage\",\"url\":\"https:\/\/parisconcarlo.com\/es\/wp-content\/uploads\/sites\/4\/2022\/10\/aeropuertos-paris.webp\",\"contentUrl\":\"https:\/\/parisconcarlo.com\/es\/wp-content\/uploads\/sites\/4\/2022\/10\/aeropuertos-paris.webp\",\"width\":900,\"height\":606,\"caption\":\"Aeropuertos de Par\u00eds: conexi\u00f3n con el centro ciudad\"},{\"@type\":\"BreadcrumbList\",\"@id\":\"https:\/\/parisconcarlo.com\/es\/aeropuertos-de-paris\/#breadcrumb\",\"itemListElement\":[{\"@type\":\"ListItem\",\"position\":1,\"name\":\"Home\",\"item\":\"https:\/\/parisconcarlo.com\/es\/\"},{\"@type\":\"ListItem\",\"position\":2,\"name\":\"Aeropuertos de Par\u00eds: conexi\u00f3n con el centro de la ciudad\"}]},{\"@type\":\"WebSite\",\"@id\":\"https:\/\/parisconcarlo.com\/es\/#website\",\"url\":\"https:\/\/parisconcarlo.com\/es\/\",\"name\":\"Paris con Carlo\",\"description\":\"\",\"publisher\":{\"@id\":\"https:\/\/parisconcarlo.com\/es\/#organization\"},\"potentialAction\":[{\"@type\":\"SearchAction\",\"target\":{\"@type\":\"EntryPoint\",\"urlTemplate\":\"https:\/\/parisconcarlo.com\/es\/?s={search_term_string}\"},\"query-input\":{\"@type\":\"PropertyValueSpecification\",\"valueRequired\":true,\"valueName\":\"search_term_string\"}}],\"inLanguage\":\"es\"},{\"@type\":\"Organization\",\"@id\":\"https:\/\/parisconcarlo.com\/es\/#organization\",\"name\":\"Paris con Carlo\",\"url\":\"https:\/\/parisconcarlo.com\/es\/\",\"logo\":{\"@type\":\"ImageObject\",\"inLanguage\":\"es\",\"@id\":\"https:\/\/parisconcarlo.com\/es\/#\/schema\/logo\/image\/\",\"url\":\"https:\/\/parisconcarlo.com\/es\/wp-content\/uploads\/sites\/4\/2024\/03\/logo-parisconcarlo-horizontal-live-3.jpg\",\"contentUrl\":\"https:\/\/parisconcarlo.com\/es\/wp-content\/uploads\/sites\/4\/2024\/03\/logo-parisconcarlo-horizontal-live-3.jpg\",\"width\":700,\"height\":214,\"caption\":\"Paris con Carlo\"},\"image\":{\"@id\":\"https:\/\/parisconcarlo.com\/es\/#\/schema\/logo\/image\/\"}}]}<\/script>\n<!-- \/ Yoast SEO plugin. -->","yoast_head_json":{"title":"Aeropuertos de Par\u00eds: conexiones con el centro de la ciudad.","description":"Los aeropuertos de Par\u00eds son tres: CDG, Orly y Beauvais. Descubre la conexiones con el centro de Par\u00eds, el precio y cu\u00e1l es el m\u00e1s conveniente de usar.","robots":{"index":"index","follow":"follow","max-snippet":"max-snippet:-1","max-image-preview":"max-image-preview:large","max-video-preview":"max-video-preview:-1"},"canonical":"https:\/\/parisconcarlo.com\/es\/aeropuertos-de-paris\/","og_locale":"es_ES","og_type":"article","og_title":"Aeropuertos de Par\u00eds: conexi\u00f3n con el centro de la ciudad - Paris con Carlo","og_description":"Los aeropuertos de Par\u00eds son tres: CDG, Orly y Beauvais. Descubre la conexiones con el centro de Par\u00eds, el precio y cu\u00e1l es el m\u00e1s conveniente de usar.","og_url":"https:\/\/parisconcarlo.com\/es\/aeropuertos-de-paris\/","og_site_name":"Paris con Carlo","article_modified_time":"2024-06-24T10:17:18+00:00","og_image":[{"width":623,"height":188,"url":"https:\/\/parisconcarlo.com\/es\/wp-content\/uploads\/sites\/4\/2022\/10\/logo-viajes-a-paris.jpeg","type":"image\/jpeg"}],"twitter_card":"summary_large_image","twitter_image":"https:\/\/parisconcarlo.com\/es\/wp-content\/uploads\/sites\/4\/2022\/10\/logo-viajes-a-paris.jpeg","twitter_misc":{"Tiempo de lectura":"4 minutos"},"schema":{"@context":"https:\/\/schema.org","@graph":[{"@type":"WebPage","@id":"https:\/\/parisconcarlo.com\/es\/aeropuertos-de-paris\/","url":"https:\/\/parisconcarlo.com\/es\/aeropuertos-de-paris\/","name":"Aeropuertos de Par\u00eds: conexiones con el centro de la ciudad.","isPartOf":{"@id":"https:\/\/parisconcarlo.com\/es\/#website"},"primaryImageOfPage":{"@id":"https:\/\/parisconcarlo.com\/es\/aeropuertos-de-paris\/#primaryimage"},"image":{"@id":"https:\/\/parisconcarlo.com\/es\/aeropuertos-de-paris\/#primaryimage"},"thumbnailUrl":"https:\/\/parisconcarlo.com\/es\/wp-content\/uploads\/sites\/4\/2022\/10\/aeropuertos-paris.webp","datePublished":"2022-10-27T09:26:10+00:00","dateModified":"2024-06-24T10:17:18+00:00","description":"Los aeropuertos de Par\u00eds son tres: CDG, Orly y Beauvais. Descubre la conexiones con el centro de Par\u00eds, el precio y cu\u00e1l es el m\u00e1s conveniente de usar.","breadcrumb":{"@id":"https:\/\/parisconcarlo.com\/es\/aeropuertos-de-paris\/#breadcrumb"},"inLanguage":"es","potentialAction":[{"@type":"ReadAction","target":["https:\/\/parisconcarlo.com\/es\/aeropuertos-de-paris\/"]}]},{"@type":"ImageObject","inLanguage":"es","@id":"https:\/\/parisconcarlo.com\/es\/aeropuertos-de-paris\/#primaryimage","url":"https:\/\/parisconcarlo.com\/es\/wp-content\/uploads\/sites\/4\/2022\/10\/aeropuertos-paris.webp","contentUrl":"https:\/\/parisconcarlo.com\/es\/wp-content\/uploads\/sites\/4\/2022\/10\/aeropuertos-paris.webp","width":900,"height":606,"caption":"Aeropuertos de Par\u00eds: conexi\u00f3n con el centro ciudad"},{"@type":"BreadcrumbList","@id":"https:\/\/parisconcarlo.com\/es\/aeropuertos-de-paris\/#breadcrumb","itemListElement":[{"@type":"ListItem","position":1,"name":"Home","item":"https:\/\/parisconcarlo.com\/es\/"},{"@type":"ListItem","position":2,"name":"Aeropuertos de Par\u00eds: conexi\u00f3n con el centro de la ciudad"}]},{"@type":"WebSite","@id":"https:\/\/parisconcarlo.com\/es\/#website","url":"https:\/\/parisconcarlo.com\/es\/","name":"Paris con Carlo","description":"","publisher":{"@id":"https:\/\/parisconcarlo.com\/es\/#organization"},"potentialAction":[{"@type":"SearchAction","target":{"@type":"EntryPoint","urlTemplate":"https:\/\/parisconcarlo.com\/es\/?s={search_term_string}"},"query-input":{"@type":"PropertyValueSpecification","valueRequired":true,"valueName":"search_term_string"}}],"inLanguage":"es"},{"@type":"Organization","@id":"https:\/\/parisconcarlo.com\/es\/#organization","name":"Paris con Carlo","url":"https:\/\/parisconcarlo.com\/es\/","logo":{"@type":"ImageObject","inLanguage":"es","@id":"https:\/\/parisconcarlo.com\/es\/#\/schema\/logo\/image\/","url":"https:\/\/parisconcarlo.com\/es\/wp-content\/uploads\/sites\/4\/2024\/03\/logo-parisconcarlo-horizontal-live-3.jpg","contentUrl":"https:\/\/parisconcarlo.com\/es\/wp-content\/uploads\/sites\/4\/2024\/03\/logo-parisconcarlo-horizontal-live-3.jpg","width":700,"height":214,"caption":"Paris con Carlo"},"image":{"@id":"https:\/\/parisconcarlo.com\/es\/#\/schema\/logo\/image\/"}}]}},"taxonomy_info":[],"featured_image_src_large":["https:\/\/parisconcarlo.com\/es\/wp-content\/uploads\/sites\/4\/2022\/10\/aeropuertos-paris.webp",900,606,false],"author_info":{"display_name":"Carlo Galici","author_link":"https:\/\/parisconcarlo.com\/es\/author\/carlogalici\/"},"comment_info":"","_links":{"self":[{"href":"https:\/\/parisconcarlo.com\/es\/wp-json\/wp\/v2\/pages\/25","targetHints":{"allow":["GET"]}}],"collection":[{"href":"https:\/\/parisconcarlo.com\/es\/wp-json\/wp\/v2\/pages"}],"about":[{"href":"https:\/\/parisconcarlo.com\/es\/wp-json\/wp\/v2\/types\/page"}],"author":[{"embeddable":true,"href":"https:\/\/parisconcarlo.com\/es\/wp-json\/wp\/v2\/users\/4"}],"replies":[{"embeddable":true,"href":"https:\/\/parisconcarlo.com\/es\/wp-json\/wp\/v2\/comments?post=25"}],"version-history":[{"count":0,"href":"https:\/\/parisconcarlo.com\/es\/wp-json\/wp\/v2\/pages\/25\/revisions"}],"wp:featuredmedia":[{"embeddable":true,"href":"https:\/\/parisconcarlo.com\/es\/wp-json\/wp\/v2\/media\/305"}],"wp:attachment":[{"href":"https:\/\/parisconcarlo.com\/es\/wp-json\/wp\/v2\/media?parent=25"}],"curies":[{"name":"wp","href":"https:\/\/api.w.org\/{rel}","templated":true}]}}