{"id":233,"date":"2022-10-28T18:03:06","date_gmt":"2022-10-28T16:03:06","guid":{"rendered":"https:\/\/parisconcarlo.com\/es\/?page_id=233"},"modified":"2024-04-15T17:20:25","modified_gmt":"2024-04-15T15:20:25","slug":"tours-de-paris","status":"publish","type":"page","link":"https:\/\/parisconcarlo.com\/es\/tours-de-paris\/","title":{"rendered":"Tours de Par\u00eds"},"content":{"rendered":"\n<div class=\"wp-block-columns is-layout-flex wp-container-core-columns-is-layout-9d6595d7 wp-block-columns-is-layout-flex\">\n<div class=\"wp-block-column is-layout-flow wp-block-column-is-layout-flow\">\n<h2 class=\"wp-block-heading\">Crucero por el Sena<\/h2>\n\n\n<div class=\"wp-block-image\">\n<figure class=\"aligncenter size-full\"><img decoding=\"async\" width=\"750\" height=\"497\" src=\"https:\/\/parisconcarlo.com\/es\/wp-content\/uploads\/sites\/4\/2023\/09\/cruceros-por-el-sena-de-paris.webp\" alt=\"Cruceros por el Sena, Par\u00eds\" class=\"wp-image-2272\" srcset=\"https:\/\/parisconcarlo.com\/es\/wp-content\/uploads\/sites\/4\/2023\/09\/cruceros-por-el-sena-de-paris.webp 750w, https:\/\/parisconcarlo.com\/es\/wp-content\/uploads\/sites\/4\/2023\/09\/cruceros-por-el-sena-de-paris-300x199.webp 300w\" sizes=\"(max-width: 750px) 100vw, 750px\" \/><figcaption class=\"wp-element-caption\">Cruceros por el Sena, Par\u00eds<\/figcaption><\/figure>\n<\/div>\n\n\n<p>Sum\u00e9rgete en el encanto de Par\u00eds con <strong>cruceros inolvidables por el Sena<\/strong>.<\/p>\n\n\n\n<p>Ve monumentos emblem\u00e1ticos como la <strong>Torre Eiffel y el Louvre<\/strong> mientras flota suavemente a lo largo del r\u00edo.<\/p>\n\n\n\n<p>Una experiencia rom\u00e1ntica y panor\u00e1mica que te dejar\u00e1 sin palabras. Haz clic para explorar esta emocionante aventura fluvial.<\/p>\n\n\n<style>.wp-block-kadence-advancedbtn.kb-btns233_98bce7-a1{gap:var(--global-kb-gap-xs, 0.5rem );justify-content:center;align-items:center;}.kt-btns233_98bce7-a1 .kt-button{font-weight:normal;font-style:normal;}.kt-btns233_98bce7-a1 .kt-btn-wrap-0{margin-right:5px;}.wp-block-kadence-advancedbtn.kt-btns233_98bce7-a1 .kt-btn-wrap-0 .kt-button{color:#555555;border-color:#555555;}.wp-block-kadence-advancedbtn.kt-btns233_98bce7-a1 .kt-btn-wrap-0 .kt-button:hover, .wp-block-kadence-advancedbtn.kt-btns233_98bce7-a1 .kt-btn-wrap-0 .kt-button:focus{color:#ffffff;border-color:#444444;}.wp-block-kadence-advancedbtn.kt-btns233_98bce7-a1 .kt-btn-wrap-0 .kt-button::before{display:none;}.wp-block-kadence-advancedbtn.kt-btns233_98bce7-a1 .kt-btn-wrap-0 .kt-button:hover, .wp-block-kadence-advancedbtn.kt-btns233_98bce7-a1 .kt-btn-wrap-0 .kt-button:focus{background:#444444;}<\/style>\n<div class=\"wp-block-kadence-advancedbtn kb-buttons-wrap kb-btns233_98bce7-a1\"><style>ul.menu .wp-block-kadence-advancedbtn .kb-btn233_39cf08-2a.kb-button{width:initial;}<\/style><a class=\"kb-button kt-button button kb-btn233_39cf08-2a kt-btn-size-standard kt-btn-width-type-auto kb-btn-global-fill  kt-btn-has-text-true kt-btn-has-svg-false  wp-block-kadence-singlebtn\" href=\"https:\/\/parisconcarlo.com\/es\/crucero-por-el-sena\/\"><span class=\"kt-btn-inner-text\">Cruceros por el Sena<\/span><\/a><\/div>\n\n\n\n<div style=\"height:20px\" aria-hidden=\"true\" class=\"wp-block-spacer\"><\/div>\n<\/div>\n\n\n\n<div class=\"wp-block-column is-layout-flow wp-block-column-is-layout-flow\">\n<h2 class=\"wp-block-heading\">Excursiones en los alrededores<\/h2>\n\n\n<div class=\"wp-block-image\">\n<figure class=\"aligncenter size-full\"><img decoding=\"async\" width=\"900\" height=\"600\" src=\"https:\/\/parisconcarlo.com\/es\/wp-content\/uploads\/sites\/4\/2023\/09\/excursiones-cerca-de-paris.webp\" alt=\"Excursiones cerca de Par\u00eds\" class=\"wp-image-2271\" srcset=\"https:\/\/parisconcarlo.com\/es\/wp-content\/uploads\/sites\/4\/2023\/09\/excursiones-cerca-de-paris.webp 900w, https:\/\/parisconcarlo.com\/es\/wp-content\/uploads\/sites\/4\/2023\/09\/excursiones-cerca-de-paris-300x200.webp 300w, https:\/\/parisconcarlo.com\/es\/wp-content\/uploads\/sites\/4\/2023\/09\/excursiones-cerca-de-paris-768x512.webp 768w\" sizes=\"(max-width: 900px) 100vw, 900px\" \/><figcaption class=\"wp-element-caption\">Excursiones cerca de Par\u00eds<\/figcaption><\/figure>\n<\/div>\n\n\n<p>Explora m\u00e1s all\u00e1 de las fronteras de Par\u00eds con uno de estos extraordinarios tours.<\/p>\n\n\n\n<p>Desde el <strong>encantador Mont Saint-Michel<\/strong> hasta la pintoresca campi\u00f1a francesa, disfruta de excursiones inolvidables que te llevar\u00e1n a descubrir tesoros escondidos fuera de la ciudad.<\/p>\n\n\n\n<p>Haz clic para vivir una experiencia \u00fanica que te alejar\u00e1 del bullicio de Par\u00eds.<\/p>\n\n\n<style>.wp-block-kadence-advancedbtn.kb-btns233_36905c-2c{gap:var(--global-kb-gap-xs, 0.5rem );justify-content:center;align-items:center;}.kt-btns233_36905c-2c .kt-button{font-weight:normal;font-style:normal;}.kt-btns233_36905c-2c .kt-btn-wrap-0{margin-right:5px;}.wp-block-kadence-advancedbtn.kt-btns233_36905c-2c .kt-btn-wrap-0 .kt-button{color:#555555;border-color:#555555;}.wp-block-kadence-advancedbtn.kt-btns233_36905c-2c .kt-btn-wrap-0 .kt-button:hover, .wp-block-kadence-advancedbtn.kt-btns233_36905c-2c .kt-btn-wrap-0 .kt-button:focus{color:#ffffff;border-color:#444444;}.wp-block-kadence-advancedbtn.kt-btns233_36905c-2c .kt-btn-wrap-0 .kt-button::before{display:none;}.wp-block-kadence-advancedbtn.kt-btns233_36905c-2c .kt-btn-wrap-0 .kt-button:hover, .wp-block-kadence-advancedbtn.kt-btns233_36905c-2c .kt-btn-wrap-0 .kt-button:focus{background:#444444;}<\/style>\n<div class=\"wp-block-kadence-advancedbtn kb-buttons-wrap kb-btns233_36905c-2c\"><style>ul.menu .wp-block-kadence-advancedbtn .kb-btn233_7f9dbb-fd.kb-button{width:initial;}<\/style><a class=\"kb-button kt-button button kb-btn233_7f9dbb-fd kt-btn-size-standard kt-btn-width-type-auto kb-btn-global-fill  kt-btn-has-text-true kt-btn-has-svg-false  wp-block-kadence-singlebtn\" href=\"https:\/\/parisconcarlo.com\/es\/cerca-de-paris\/\"><span class=\"kt-btn-inner-text\">Excursiones cerca de Par\u00eds<\/span><\/a><\/div>\n\n\n\n<div style=\"height:20px\" aria-hidden=\"true\" class=\"wp-block-spacer\"><\/div>\n<\/div>\n<\/div>\n\n\n\n<div class=\"wp-block-columns is-layout-flex wp-container-core-columns-is-layout-9d6595d7 wp-block-columns-is-layout-flex\">\n<div class=\"wp-block-column is-layout-flow wp-block-column-is-layout-flow\">\n<h2 class=\"wp-block-heading\">Recorrido en autob\u00fas tur\u00edstico<\/h2>\n\n\n<div class=\"wp-block-image\">\n<figure class=\"aligncenter size-full\"><img decoding=\"async\" width=\"750\" height=\"500\" src=\"https:\/\/parisconcarlo.com\/es\/wp-content\/uploads\/sites\/4\/2023\/09\/bus-turistico-paris.webp\" alt=\"Tour en autobus tur\u00edstico de Par\u00eds\" class=\"wp-image-2270\" srcset=\"https:\/\/parisconcarlo.com\/es\/wp-content\/uploads\/sites\/4\/2023\/09\/bus-turistico-paris.webp 750w, https:\/\/parisconcarlo.com\/es\/wp-content\/uploads\/sites\/4\/2023\/09\/bus-turistico-paris-300x200.webp 300w\" sizes=\"(max-width: 750px) 100vw, 750px\" \/><figcaption class=\"wp-element-caption\">Tour en autobus tur\u00edstico de Par\u00eds<\/figcaption><\/figure>\n<\/div>\n\n\n<p>Descubre Par\u00eds a tu propio ritmo <strong>con el autob\u00fas tur\u00edstico con paradas libres<\/strong>.<\/p>\n\n\n\n<p>Sube a bordo y explora la ciudad c\u00f3modamente, entrando y saliendo cuando quieres.<\/p>\n\n\n\n<p>Con <strong>audiogu\u00edas informativas y una descripci\u00f3n completa de los lugares de inter\u00e9s<\/strong>, este recorrido te dar\u00e1 la libertad de experimentar Par\u00eds como deseas.<\/p>\n\n\n\n<p>Haz clic ahora para planificar tu viaje sin estr\u00e9s.<\/p>\n\n\n<style>.wp-block-kadence-advancedbtn.kb-btns233_c5ecb6-79{gap:var(--global-kb-gap-xs, 0.5rem );justify-content:center;align-items:center;}.kt-btns233_c5ecb6-79 .kt-button{font-weight:normal;font-style:normal;}.kt-btns233_c5ecb6-79 .kt-btn-wrap-0{margin-right:5px;}.wp-block-kadence-advancedbtn.kt-btns233_c5ecb6-79 .kt-btn-wrap-0 .kt-button{color:#555555;border-color:#555555;}.wp-block-kadence-advancedbtn.kt-btns233_c5ecb6-79 .kt-btn-wrap-0 .kt-button:hover, .wp-block-kadence-advancedbtn.kt-btns233_c5ecb6-79 .kt-btn-wrap-0 .kt-button:focus{color:#ffffff;border-color:#444444;}.wp-block-kadence-advancedbtn.kt-btns233_c5ecb6-79 .kt-btn-wrap-0 .kt-button::before{display:none;}.wp-block-kadence-advancedbtn.kt-btns233_c5ecb6-79 .kt-btn-wrap-0 .kt-button:hover, .wp-block-kadence-advancedbtn.kt-btns233_c5ecb6-79 .kt-btn-wrap-0 .kt-button:focus{background:#444444;}<\/style>\n<div class=\"wp-block-kadence-advancedbtn kb-buttons-wrap kb-btns233_c5ecb6-79\"><style>ul.menu .wp-block-kadence-advancedbtn .kb-btn233_efa594-5e.kb-button{width:initial;}<\/style><a class=\"kb-button kt-button button kb-btn233_efa594-5e kt-btn-size-standard kt-btn-width-type-auto kb-btn-global-fill  kt-btn-has-text-true kt-btn-has-svg-false  wp-block-kadence-singlebtn\" href=\"https:\/\/parisconcarlo.com\/es\/bus-turistico-paris\/\"><span class=\"kt-btn-inner-text\">Bus tur\u00edstico de Par\u00eds<\/span><\/a><\/div>\n<\/div>\n\n\n\n<div class=\"wp-block-column is-layout-flow wp-block-column-is-layout-flow\"><\/div>\n<\/div>\n","protected":false},"excerpt":{"rendered":"<p>Crucero por el Sena Sum\u00e9rgete en el encanto de Par\u00eds con cruceros inolvidables por el Sena. Ve monumentos emblem\u00e1ticos como la Torre Eiffel y el Louvre mientras flota suavemente a lo largo del r\u00edo. Una experiencia rom\u00e1ntica y panor\u00e1mica que te dejar\u00e1 sin palabras. Haz clic para explorar esta emocionante aventura fluvial. Excursiones en los&#8230;<\/p>\n","protected":false},"author":4,"featured_media":0,"parent":0,"menu_order":0,"comment_status":"open","ping_status":"closed","template":"","meta":{"_kad_blocks_custom_css":"","_kad_blocks_head_custom_js":"","_kad_blocks_body_custom_js":"","_kad_blocks_footer_custom_js":"","_kad_post_transparent":"","_kad_post_title":"","_kad_post_layout":"","_kad_post_sidebar_id":"","_kad_post_content_style":"","_kad_post_vertical_padding":"","_kad_post_feature":"","_kad_post_feature_position":"","_kad_post_header":false,"_kad_post_footer":false,"_kad_post_classname":"","footnotes":""},"class_list":["post-233","page","type-page","status-publish","hentry"],"yoast_head":"<!-- This site is optimized with the Yoast SEO plugin v27.1.1 - https:\/\/yoast.com\/product\/yoast-seo-wordpress\/ -->\n<title>Tour de Par\u00eds para descubrir la ciudad: en espa\u00f1ol y sus alrededores<\/title>\n<meta name=\"description\" content=\"Descubre Par\u00eds y sus alrededores con estos hermosos tours. Desde los cl\u00e1sicos cruceros por el Sena hasta recorridos en autob\u00fas tur\u00edstico y excursiones por los alrededores.\" \/>\n<meta name=\"robots\" content=\"index, follow, max-snippet:-1, max-image-preview:large, max-video-preview:-1\" \/>\n<link rel=\"canonical\" href=\"https:\/\/parisconcarlo.com\/es\/tours-de-paris\/\" \/>\n<meta property=\"og:locale\" content=\"es_ES\" \/>\n<meta property=\"og:type\" content=\"article\" \/>\n<meta property=\"og:title\" content=\"Tour de Par\u00eds para descubrir la ciudad: en espa\u00f1ol y sus alrededores\" \/>\n<meta property=\"og:description\" content=\"Descubre Par\u00eds y sus alrededores con estos hermosos tours. Desde los cl\u00e1sicos cruceros por el Sena hasta recorridos en autob\u00fas tur\u00edstico y excursiones por los alrededores.\" \/>\n<meta property=\"og:url\" content=\"https:\/\/parisconcarlo.com\/es\/tours-de-paris\/\" \/>\n<meta property=\"og:site_name\" content=\"Paris con Carlo\" \/>\n<meta property=\"article:modified_time\" content=\"2024-04-15T15:20:25+00:00\" \/>\n<meta property=\"og:image\" content=\"https:\/\/parisconcarlo.com\/es\/wp-content\/uploads\/sites\/4\/2022\/10\/logo-viajes-a-paris.jpeg\" \/>\n\t<meta property=\"og:image:width\" content=\"623\" \/>\n\t<meta property=\"og:image:height\" content=\"188\" \/>\n\t<meta property=\"og:image:type\" content=\"image\/jpeg\" \/>\n<meta name=\"twitter:card\" content=\"summary_large_image\" \/>\n<meta name=\"twitter:image\" content=\"https:\/\/parisconcarlo.com\/es\/wp-content\/uploads\/sites\/4\/2022\/10\/logo-viajes-a-paris.jpeg\" \/>\n<meta name=\"twitter:label1\" content=\"Tiempo de lectura\" \/>\n\t<meta name=\"twitter:data1\" content=\"5 minutos\" \/>\n<script type=\"application\/ld+json\" class=\"yoast-schema-graph\">{\"@context\":\"https:\/\/schema.org\",\"@graph\":[{\"@type\":\"WebPage\",\"@id\":\"https:\/\/parisconcarlo.com\/es\/tours-de-paris\/\",\"url\":\"https:\/\/parisconcarlo.com\/es\/tours-de-paris\/\",\"name\":\"Tour de Par\u00eds para descubrir la ciudad: en espa\u00f1ol y sus alrededores\",\"isPartOf\":{\"@id\":\"https:\/\/parisconcarlo.com\/es\/#website\"},\"primaryImageOfPage\":{\"@id\":\"https:\/\/parisconcarlo.com\/es\/tours-de-paris\/#primaryimage\"},\"image\":{\"@id\":\"https:\/\/parisconcarlo.com\/es\/tours-de-paris\/#primaryimage\"},\"thumbnailUrl\":\"https:\/\/parisconcarlo.com\/es\/wp-content\/uploads\/sites\/4\/2023\/09\/cruceros-por-el-sena-de-paris.webp\",\"datePublished\":\"2022-10-28T16:03:06+00:00\",\"dateModified\":\"2024-04-15T15:20:25+00:00\",\"description\":\"Descubre Par\u00eds y sus alrededores con estos hermosos tours. Desde los cl\u00e1sicos cruceros por el Sena hasta recorridos en autob\u00fas tur\u00edstico y excursiones por los alrededores.\",\"breadcrumb\":{\"@id\":\"https:\/\/parisconcarlo.com\/es\/tours-de-paris\/#breadcrumb\"},\"inLanguage\":\"es\",\"potentialAction\":[{\"@type\":\"ReadAction\",\"target\":[\"https:\/\/parisconcarlo.com\/es\/tours-de-paris\/\"]}]},{\"@type\":\"ImageObject\",\"inLanguage\":\"es\",\"@id\":\"https:\/\/parisconcarlo.com\/es\/tours-de-paris\/#primaryimage\",\"url\":\"https:\/\/parisconcarlo.com\/es\/wp-content\/uploads\/sites\/4\/2023\/09\/cruceros-por-el-sena-de-paris.webp\",\"contentUrl\":\"https:\/\/parisconcarlo.com\/es\/wp-content\/uploads\/sites\/4\/2023\/09\/cruceros-por-el-sena-de-paris.webp\",\"width\":750,\"height\":497,\"caption\":\"Cruceros por el Sena, Par\u00eds\"},{\"@type\":\"BreadcrumbList\",\"@id\":\"https:\/\/parisconcarlo.com\/es\/tours-de-paris\/#breadcrumb\",\"itemListElement\":[{\"@type\":\"ListItem\",\"position\":1,\"name\":\"Home\",\"item\":\"https:\/\/parisconcarlo.com\/es\/\"},{\"@type\":\"ListItem\",\"position\":2,\"name\":\"Tours de Par\u00eds\"}]},{\"@type\":\"WebSite\",\"@id\":\"https:\/\/parisconcarlo.com\/es\/#website\",\"url\":\"https:\/\/parisconcarlo.com\/es\/\",\"name\":\"Paris con Carlo\",\"description\":\"\",\"publisher\":{\"@id\":\"https:\/\/parisconcarlo.com\/es\/#organization\"},\"potentialAction\":[{\"@type\":\"SearchAction\",\"target\":{\"@type\":\"EntryPoint\",\"urlTemplate\":\"https:\/\/parisconcarlo.com\/es\/?s={search_term_string}\"},\"query-input\":{\"@type\":\"PropertyValueSpecification\",\"valueRequired\":true,\"valueName\":\"search_term_string\"}}],\"inLanguage\":\"es\"},{\"@type\":\"Organization\",\"@id\":\"https:\/\/parisconcarlo.com\/es\/#organization\",\"name\":\"Paris con Carlo\",\"url\":\"https:\/\/parisconcarlo.com\/es\/\",\"logo\":{\"@type\":\"ImageObject\",\"inLanguage\":\"es\",\"@id\":\"https:\/\/parisconcarlo.com\/es\/#\/schema\/logo\/image\/\",\"url\":\"https:\/\/parisconcarlo.com\/es\/wp-content\/uploads\/sites\/4\/2024\/03\/logo-parisconcarlo-horizontal-live-3.jpg\",\"contentUrl\":\"https:\/\/parisconcarlo.com\/es\/wp-content\/uploads\/sites\/4\/2024\/03\/logo-parisconcarlo-horizontal-live-3.jpg\",\"width\":700,\"height\":214,\"caption\":\"Paris con Carlo\"},\"image\":{\"@id\":\"https:\/\/parisconcarlo.com\/es\/#\/schema\/logo\/image\/\"}}]}<\/script>\n<!-- \/ Yoast SEO plugin. -->","yoast_head_json":{"title":"Tour de Par\u00eds para descubrir la ciudad: en espa\u00f1ol y sus alrededores","description":"Descubre Par\u00eds y sus alrededores con estos hermosos tours. Desde los cl\u00e1sicos cruceros por el Sena hasta recorridos en autob\u00fas tur\u00edstico y excursiones por los alrededores.","robots":{"index":"index","follow":"follow","max-snippet":"max-snippet:-1","max-image-preview":"max-image-preview:large","max-video-preview":"max-video-preview:-1"},"canonical":"https:\/\/parisconcarlo.com\/es\/tours-de-paris\/","og_locale":"es_ES","og_type":"article","og_title":"Tour de Par\u00eds para descubrir la ciudad: en espa\u00f1ol y sus alrededores","og_description":"Descubre Par\u00eds y sus alrededores con estos hermosos tours. Desde los cl\u00e1sicos cruceros por el Sena hasta recorridos en autob\u00fas tur\u00edstico y excursiones por los alrededores.","og_url":"https:\/\/parisconcarlo.com\/es\/tours-de-paris\/","og_site_name":"Paris con Carlo","article_modified_time":"2024-04-15T15:20:25+00:00","og_image":[{"width":623,"height":188,"url":"https:\/\/parisconcarlo.com\/es\/wp-content\/uploads\/sites\/4\/2022\/10\/logo-viajes-a-paris.jpeg","type":"image\/jpeg"}],"twitter_card":"summary_large_image","twitter_image":"https:\/\/parisconcarlo.com\/es\/wp-content\/uploads\/sites\/4\/2022\/10\/logo-viajes-a-paris.jpeg","twitter_misc":{"Tiempo de lectura":"5 minutos"},"schema":{"@context":"https:\/\/schema.org","@graph":[{"@type":"WebPage","@id":"https:\/\/parisconcarlo.com\/es\/tours-de-paris\/","url":"https:\/\/parisconcarlo.com\/es\/tours-de-paris\/","name":"Tour de Par\u00eds para descubrir la ciudad: en espa\u00f1ol y sus alrededores","isPartOf":{"@id":"https:\/\/parisconcarlo.com\/es\/#website"},"primaryImageOfPage":{"@id":"https:\/\/parisconcarlo.com\/es\/tours-de-paris\/#primaryimage"},"image":{"@id":"https:\/\/parisconcarlo.com\/es\/tours-de-paris\/#primaryimage"},"thumbnailUrl":"https:\/\/parisconcarlo.com\/es\/wp-content\/uploads\/sites\/4\/2023\/09\/cruceros-por-el-sena-de-paris.webp","datePublished":"2022-10-28T16:03:06+00:00","dateModified":"2024-04-15T15:20:25+00:00","description":"Descubre Par\u00eds y sus alrededores con estos hermosos tours. Desde los cl\u00e1sicos cruceros por el Sena hasta recorridos en autob\u00fas tur\u00edstico y excursiones por los alrededores.","breadcrumb":{"@id":"https:\/\/parisconcarlo.com\/es\/tours-de-paris\/#breadcrumb"},"inLanguage":"es","potentialAction":[{"@type":"ReadAction","target":["https:\/\/parisconcarlo.com\/es\/tours-de-paris\/"]}]},{"@type":"ImageObject","inLanguage":"es","@id":"https:\/\/parisconcarlo.com\/es\/tours-de-paris\/#primaryimage","url":"https:\/\/parisconcarlo.com\/es\/wp-content\/uploads\/sites\/4\/2023\/09\/cruceros-por-el-sena-de-paris.webp","contentUrl":"https:\/\/parisconcarlo.com\/es\/wp-content\/uploads\/sites\/4\/2023\/09\/cruceros-por-el-sena-de-paris.webp","width":750,"height":497,"caption":"Cruceros por el Sena, Par\u00eds"},{"@type":"BreadcrumbList","@id":"https:\/\/parisconcarlo.com\/es\/tours-de-paris\/#breadcrumb","itemListElement":[{"@type":"ListItem","position":1,"name":"Home","item":"https:\/\/parisconcarlo.com\/es\/"},{"@type":"ListItem","position":2,"name":"Tours de Par\u00eds"}]},{"@type":"WebSite","@id":"https:\/\/parisconcarlo.com\/es\/#website","url":"https:\/\/parisconcarlo.com\/es\/","name":"Paris con Carlo","description":"","publisher":{"@id":"https:\/\/parisconcarlo.com\/es\/#organization"},"potentialAction":[{"@type":"SearchAction","target":{"@type":"EntryPoint","urlTemplate":"https:\/\/parisconcarlo.com\/es\/?s={search_term_string}"},"query-input":{"@type":"PropertyValueSpecification","valueRequired":true,"valueName":"search_term_string"}}],"inLanguage":"es"},{"@type":"Organization","@id":"https:\/\/parisconcarlo.com\/es\/#organization","name":"Paris con Carlo","url":"https:\/\/parisconcarlo.com\/es\/","logo":{"@type":"ImageObject","inLanguage":"es","@id":"https:\/\/parisconcarlo.com\/es\/#\/schema\/logo\/image\/","url":"https:\/\/parisconcarlo.com\/es\/wp-content\/uploads\/sites\/4\/2024\/03\/logo-parisconcarlo-horizontal-live-3.jpg","contentUrl":"https:\/\/parisconcarlo.com\/es\/wp-content\/uploads\/sites\/4\/2024\/03\/logo-parisconcarlo-horizontal-live-3.jpg","width":700,"height":214,"caption":"Paris con Carlo"},"image":{"@id":"https:\/\/parisconcarlo.com\/es\/#\/schema\/logo\/image\/"}}]}},"taxonomy_info":[],"featured_image_src_large":false,"author_info":{"display_name":"Carlo Galici","author_link":"https:\/\/parisconcarlo.com\/es\/author\/carlogalici\/"},"comment_info":"","_links":{"self":[{"href":"https:\/\/parisconcarlo.com\/es\/wp-json\/wp\/v2\/pages\/233","targetHints":{"allow":["GET"]}}],"collection":[{"href":"https:\/\/parisconcarlo.com\/es\/wp-json\/wp\/v2\/pages"}],"about":[{"href":"https:\/\/parisconcarlo.com\/es\/wp-json\/wp\/v2\/types\/page"}],"author":[{"embeddable":true,"href":"https:\/\/parisconcarlo.com\/es\/wp-json\/wp\/v2\/users\/4"}],"replies":[{"embeddable":true,"href":"https:\/\/parisconcarlo.com\/es\/wp-json\/wp\/v2\/comments?post=233"}],"version-history":[{"count":0,"href":"https:\/\/parisconcarlo.com\/es\/wp-json\/wp\/v2\/pages\/233\/revisions"}],"wp:attachment":[{"href":"https:\/\/parisconcarlo.com\/es\/wp-json\/wp\/v2\/media?parent=233"}],"curies":[{"name":"wp","href":"https:\/\/api.w.org\/{rel}","templated":true}]}}